{"id":10976,"date":"2025-08-25T13:33:27","date_gmt":"2025-08-25T13:33:27","guid":{"rendered":"https:\/\/factorydancedirect.com\/?page_id=10976"},"modified":"2026-03-06T20:04:51","modified_gmt":"2026-03-06T20:04:51","slug":"acerca-de-nosotros","status":"publish","type":"page","link":"https:\/\/factorydancedirect.com\/es\/acerca-de-nosotros\/","title":{"rendered":"Qui\u00e9nes somos"},"content":{"rendered":"<div data-elementor-type=\"wp-page\" data-elementor-id=\"10976\" class=\"elementor elementor-10976\" data-elementor-post-type=\"page\">\n\t\t\t\t<div class=\"elementor-element elementor-element-32ab5f08 e-flex e-con-boxed e-con e-parent\" data-id=\"32ab5f08\" data-element_type=\"container\" data-settings=\"{&quot;background_background&quot;:&quot;classic&quot;}\">\n\t\t\t\t\t<div class=\"e-con-inner\">\n\t\t\t\t<div class=\"elementor-element elementor-element-254f1fa4 elementor-widget elementor-widget-theme-post-title elementor-page-title elementor-widget-heading\" data-id=\"254f1fa4\" data-element_type=\"widget\" data-widget_type=\"theme-post-title.default\">\n\t\t\t\t\t<h1 class=\"elementor-heading-title elementor-size-default\">Qui\u00e9nes somos<\/h1>\t\t\t\t<\/div>\n\t\t\t\t\t<\/div>\n\t\t\t\t<\/div>\n\t\t<div class=\"elementor-element elementor-element-c6f3201 e-con-full e-flex e-con e-parent\" data-id=\"c6f3201\" data-element_type=\"container\">\n\t\t<div class=\"elementor-element elementor-element-74311cd e-con-full e-flex e-con e-child\" data-id=\"74311cd\" data-element_type=\"container\">\n\t\t\t\t<div class=\"elementor-element elementor-element-8885a52 elementor-widget elementor-widget-text-editor\" data-id=\"8885a52\" data-element_type=\"widget\" data-widget_type=\"text-editor.default\">\n\t\t\t\t\t\t\t\t\t<h2 data-start=\"678\" data-end=\"920\"><strong>Qui\u00e9nes somos<\/strong><\/h2><p data-start=\"678\" data-end=\"920\">Bienvenido a <strong data-start=\"689\" data-end=\"712\">FactoryDanceDirect<\/strong>un hombre de confianza <strong data-start=\"724\" data-end=\"767\">B2B fabricante y exportador de ropa de danza<\/strong> con sede en China. Nos especializamos en producir y suministrar una gama completa de <strong data-start=\"841\" data-end=\"881\">ropa, calzado y accesorios de danza<\/strong> para marcas y empresas de todo el mundo.<\/p><p data-start=\"678\" data-end=\"920\">\u00a0<\/p><p data-start=\"922\" data-end=\"1322\">Con a\u00f1os de experiencia y s\u00f3lidas conexiones en todo el sector, colaboramos con <strong data-start=\"1007\" data-end=\"1041\">m\u00faltiples f\u00e1bricas especializadas<\/strong> - a menudo <strong data-start=\"1050\" data-end=\"1095\">20 o m\u00e1s f\u00e1bricas por categor\u00eda de producto<\/strong> - para ofrecerle la <strong data-start=\"1115\" data-end=\"1157\">mejor precio, calidad y flexibilidad<\/strong>. Tanto si necesita <strong data-start=\"1176\" data-end=\"1254\">leotards, jazz shoes, ballet slippers, tights, dance shoes, or accessories<\/strong>le facilitamos la b\u00fasqueda de los productos perfectos para <strong data-start=\"1305\" data-end=\"1319\">your business<\/strong>.<\/p>\t\t\t\t\t\t\t\t<\/div>\n\t\t\t\t<\/div>\n\t\t<div class=\"elementor-element elementor-element-d8e560d e-con-full e-flex e-con e-child\" data-id=\"d8e560d\" data-element_type=\"container\">\n\t\t\t\t<div class=\"elementor-element elementor-element-36bc0f8 elementor-widget__width-initial elementor-widget elementor-widget-text-editor\" data-id=\"36bc0f8\" data-element_type=\"widget\" data-widget_type=\"text-editor.default\">\n\t\t\t\t\t\t\t\t\t<h2 data-start=\"1329\" data-end=\"1351\"><strong data-start=\"1332\" data-end=\"1349\">Nuestra experiencia<\/strong><\/h2><p data-start=\"1353\" data-end=\"1608\">En <b>FactoryDanceDirecty<\/b>somos <strong data-start=\"1388\" data-end=\"1410\">not a brand<\/strong>. Somos una <strong data-start=\"1421\" data-end=\"1451\">Proveedor de fabricaci\u00f3n B2B<\/strong> dedicada a ayudarle <strong data-start=\"1477\" data-end=\"1501\">cree su propia marca<\/strong>. Nuestro papel es <strong data-start=\"1518\" data-end=\"1554\">origen, fabricaci\u00f3n y entrega<\/strong> productos de alta calidad que se adapten a las necesidades de su empresa.<\/p><p data-start=\"1610\" data-end=\"1621\">Ofrecemos:<\/p><ul data-start=\"1622\" data-end=\"1994\"><li data-start=\"1622\" data-end=\"1720\"><p data-start=\"1624\" data-end=\"1720\"><strong data-start=\"1624\" data-end=\"1651\">Amplia gama de productos<\/strong> \u2192 Cientos de SKU en todas las categor\u00edas de ropa y calzado de danza.<\/p><\/li><li data-start=\"1721\" data-end=\"1816\"><p data-start=\"1723\" data-end=\"1816\"><strong data-start=\"1723\" data-end=\"1742\">Red de f\u00e1bricas<\/strong> \u2192 S\u00f3lidas asociaciones con f\u00e1bricas especializadas en diferentes productos.<\/p><\/li><li data-start=\"1817\" data-end=\"1904\"><p data-start=\"1819\" data-end=\"1904\"><strong data-start=\"1819\" data-end=\"1835\">Mejor precio<\/strong> \u2192 Trabajamos directamente con los fabricantes para ofrecer tarifas competitivas.<\/p><\/li><li data-start=\"1905\" data-end=\"1994\"><p data-start=\"1907\" data-end=\"1994\"><strong data-start=\"1907\" data-end=\"1926\">Control de calidad<\/strong> \u2192 Garantizamos la coherencia y la fiabilidad desde el abastecimiento hasta el env\u00edo.<\/p><\/li><\/ul>\t\t\t\t\t\t\t\t<\/div>\n\t\t\t\t<\/div>\n\t\t\t\t<\/div>\n\t\t<div class=\"elementor-element elementor-element-4cee5f78 e-flex e-con-boxed e-con e-parent\" data-id=\"4cee5f78\" data-element_type=\"container\" data-settings=\"{&quot;background_background&quot;:&quot;classic&quot;}\">\n\t\t\t\t\t<div class=\"e-con-inner\">\n\t\t<div class=\"elementor-element elementor-element-44bcf8b e-con-full e-flex e-con e-child\" data-id=\"44bcf8b\" data-element_type=\"container\">\n\t\t\t\t<div class=\"elementor-element elementor-element-2d529e57 elementor-widget elementor-widget-heading\" data-id=\"2d529e57\" data-element_type=\"widget\" data-widget_type=\"heading.default\">\n\t\t\t\t\t<h2 class=\"elementor-heading-title elementor-size-default\">Nuestros servicios<\/h2>\t\t\t\t<\/div>\n\t\t\t\t<div class=\"elementor-element elementor-element-685a4a00 elementor-widget elementor-widget-heading\" data-id=\"685a4a00\" data-element_type=\"widget\" data-widget_type=\"heading.default\">\n\t\t\t\t\t<h5 class=\"elementor-heading-title elementor-size-default\">Este texto presenta brevemente a los visitantes sus principales servicios.<\/h5>\t\t\t\t<\/div>\n\t\t\t\t<\/div>\n\t\t<div class=\"elementor-element elementor-element-5a8651ba e-con-full e-flex e-con e-child\" data-id=\"5a8651ba\" data-element_type=\"container\">\n\t\t\t\t<div class=\"elementor-element elementor-element-29fbbbbb elementor-widget-tablet__width-initial elementor-widget-mobile__width-inherit elementor-widget__width-initial elementor-position-top elementor-widget elementor-widget-image-box\" data-id=\"29fbbbbb\" data-element_type=\"widget\" data-widget_type=\"image-box.default\">\n\t\t\t\t\t<div class=\"elementor-image-box-wrapper\"><figure class=\"elementor-image-box-img\"><a href=\"https:\/\/library.elementor.com\/local-services-wireframe-1-flexbox\/services\/#service_1\" tabindex=\"-1\"><img fetchpriority=\"high\" decoding=\"async\" width=\"1702\" height=\"1276\" src=\"https:\/\/factorydancedirect.com\/wp-content\/uploads\/2025\/08\/0cb225c0cddce3a368086bc8e84f457e.jpg\" class=\"elementor-animation-grow attachment-full size-full wp-image-10980\" alt=\"\" srcset=\"https:\/\/factorydancedirect.com\/wp-content\/uploads\/2025\/08\/0cb225c0cddce3a368086bc8e84f457e.jpg 1702w, https:\/\/factorydancedirect.com\/wp-content\/uploads\/2025\/08\/0cb225c0cddce3a368086bc8e84f457e-300x225.jpg 300w, https:\/\/factorydancedirect.com\/wp-content\/uploads\/2025\/08\/0cb225c0cddce3a368086bc8e84f457e-1024x768.jpg 1024w, https:\/\/factorydancedirect.com\/wp-content\/uploads\/2025\/08\/0cb225c0cddce3a368086bc8e84f457e-768x576.jpg 768w, https:\/\/factorydancedirect.com\/wp-content\/uploads\/2025\/08\/0cb225c0cddce3a368086bc8e84f457e-1536x1152.jpg 1536w, https:\/\/factorydancedirect.com\/wp-content\/uploads\/2025\/08\/0cb225c0cddce3a368086bc8e84f457e-16x12.jpg 16w, https:\/\/factorydancedirect.com\/wp-content\/uploads\/2025\/08\/0cb225c0cddce3a368086bc8e84f457e-416x312.jpg 416w\" sizes=\"(max-width: 1702px) 100vw, 1702px\" \/><\/a><\/figure><div class=\"elementor-image-box-content\"><h4 class=\"elementor-image-box-title\"><a href=\"https:\/\/library.elementor.com\/local-services-wireframe-1-flexbox\/services\/#service_1\">Product Sourcing &amp; Manufacturing<\/a><\/h4><p class=\"elementor-image-box-description\">Colaboramos con <strong data-start=\"435\" data-end=\"469\">m\u00faltiples f\u00e1bricas especializadas<\/strong> en diferentes categor\u00edas: desde leotardos y mallas hasta zapatillas de jazz, zapatillas de ballet y accesorios. En <strong data-start=\"579\" data-end=\"599\">cientos de SKU<\/strong> entre los que elegir, obtenemos y fabricamos productos que se ajustan a sus requisitos de calidad, estilo y presupuesto.<\/p><\/div><\/div>\t\t\t\t<\/div>\n\t\t\t\t<div class=\"elementor-element elementor-element-73f8c879 elementor-widget-tablet__width-initial elementor-widget-mobile__width-inherit elementor-widget__width-initial elementor-position-top elementor-widget elementor-widget-image-box\" data-id=\"73f8c879\" data-element_type=\"widget\" data-widget_type=\"image-box.default\">\n\t\t\t\t\t<div class=\"elementor-image-box-wrapper\"><figure class=\"elementor-image-box-img\"><a href=\"https:\/\/library.elementor.com\/local-services-wireframe-1-flexbox\/services\/#service_2\" tabindex=\"-1\"><img decoding=\"async\" width=\"825\" height=\"708\" src=\"https:\/\/factorydancedirect.com\/wp-content\/uploads\/2026\/01\/297f9dd3589562878c10117d127e10de.jpg\" class=\"elementor-animation-grow attachment-full size-full wp-image-50023\" alt=\"\" srcset=\"https:\/\/factorydancedirect.com\/wp-content\/uploads\/2026\/01\/297f9dd3589562878c10117d127e10de.jpg 825w, https:\/\/factorydancedirect.com\/wp-content\/uploads\/2026\/01\/297f9dd3589562878c10117d127e10de-300x257.jpg 300w, https:\/\/factorydancedirect.com\/wp-content\/uploads\/2026\/01\/297f9dd3589562878c10117d127e10de-768x659.jpg 768w, https:\/\/factorydancedirect.com\/wp-content\/uploads\/2026\/01\/297f9dd3589562878c10117d127e10de-14x12.jpg 14w, https:\/\/factorydancedirect.com\/wp-content\/uploads\/2026\/01\/297f9dd3589562878c10117d127e10de-416x357.jpg 416w\" sizes=\"(max-width: 825px) 100vw, 825px\" \/><\/a><\/figure><div class=\"elementor-image-box-content\"><h4 class=\"elementor-image-box-title\"><a href=\"https:\/\/library.elementor.com\/local-services-wireframe-1-flexbox\/services\/#service_2\">Personalizaci\u00f3n y marca<\/a><\/h4><p class=\"elementor-image-box-description\">Construya <strong data-start=\"760\" data-end=\"778\">tu propia marca<\/strong> con nuestras completas opciones de personalizaci\u00f3n. Podemos a\u00f1adir su <strong data-start=\"832\" data-end=\"859\">logotipos, etiquetas y r\u00f3tulos<\/strong>, fuente <strong data-start=\"868\" data-end=\"888\">envases personalizados<\/strong> como cajas de zapatos y bolsas, e incluso ajustar <strong data-start=\"931\" data-end=\"965\">materiales, colores y dise\u00f1os<\/strong> en funci\u00f3n de sus necesidades. Tanto si se trata de peque\u00f1os detalles como de la producci\u00f3n completa de una marca propia, nosotros lo hacemos posible.<\/p><\/div><\/div>\t\t\t\t<\/div>\n\t\t\t\t<div class=\"elementor-element elementor-element-3132c904 elementor-widget-tablet__width-initial elementor-widget-mobile__width-inherit elementor-widget__width-initial elementor-position-top elementor-widget elementor-widget-image-box\" data-id=\"3132c904\" data-element_type=\"widget\" data-widget_type=\"image-box.default\">\n\t\t\t\t\t<div class=\"elementor-image-box-wrapper\"><figure class=\"elementor-image-box-img\"><a href=\"https:\/\/library.elementor.com\/local-services-wireframe-1-flexbox\/services\/#service_3\" tabindex=\"-1\"><img decoding=\"async\" width=\"1202\" height=\"2560\" src=\"https:\/\/factorydancedirect.com\/wp-content\/uploads\/2026\/01\/ee85503473a542d6a3efa67d7c947a59-scaled.jpg\" class=\"elementor-animation-grow attachment-full size-full wp-image-50021\" alt=\"\" srcset=\"https:\/\/factorydancedirect.com\/wp-content\/uploads\/2026\/01\/ee85503473a542d6a3efa67d7c947a59-scaled.jpg 1202w, https:\/\/factorydancedirect.com\/wp-content\/uploads\/2026\/01\/ee85503473a542d6a3efa67d7c947a59-141x300.jpg 141w, https:\/\/factorydancedirect.com\/wp-content\/uploads\/2026\/01\/ee85503473a542d6a3efa67d7c947a59-481x1024.jpg 481w, https:\/\/factorydancedirect.com\/wp-content\/uploads\/2026\/01\/ee85503473a542d6a3efa67d7c947a59-768x1636.jpg 768w, https:\/\/factorydancedirect.com\/wp-content\/uploads\/2026\/01\/ee85503473a542d6a3efa67d7c947a59-721x1536.jpg 721w, https:\/\/factorydancedirect.com\/wp-content\/uploads\/2026\/01\/ee85503473a542d6a3efa67d7c947a59-962x2048.jpg 962w, https:\/\/factorydancedirect.com\/wp-content\/uploads\/2026\/01\/ee85503473a542d6a3efa67d7c947a59-6x12.jpg 6w, https:\/\/factorydancedirect.com\/wp-content\/uploads\/2026\/01\/ee85503473a542d6a3efa67d7c947a59-416x886.jpg 416w\" sizes=\"(max-width: 1202px) 100vw, 1202px\" \/><\/a><\/figure><div class=\"elementor-image-box-content\"><h4 class=\"elementor-image-box-title\"><a href=\"https:\/\/library.elementor.com\/local-services-wireframe-1-flexbox\/services\/#service_3\">Soluciones de envasado<\/a><\/h4><p class=\"elementor-image-box-description\">En <strong data-start=\"1113\" data-end=\"1132\">envasado b\u00e1sico<\/strong> a <strong data-start=\"1136\" data-end=\"1163\">soluciones totalmente personalizadas<\/strong>, we handle everything \u2014 Paper boxes, wash labels, custom tags, and inserts. We work directly with <strong data-start=\"1262\" data-end=\"1285\">f\u00e1bricas de envasado<\/strong> para garantizar que sus productos se presentan exactamente como usted desea.<\/p><\/div><\/div>\t\t\t\t<\/div>\n\t\t\t\t<div class=\"elementor-element elementor-element-76b2191c elementor-widget-tablet__width-initial elementor-widget-mobile__width-inherit elementor-widget__width-initial elementor-position-top elementor-widget elementor-widget-image-box\" data-id=\"76b2191c\" data-element_type=\"widget\" data-widget_type=\"image-box.default\">\n\t\t\t\t\t<div class=\"elementor-image-box-wrapper\"><figure class=\"elementor-image-box-img\"><a href=\"https:\/\/library.elementor.com\/local-services-wireframe-1-flexbox\/services\/#service_4\" tabindex=\"-1\"><img loading=\"lazy\" decoding=\"async\" width=\"846\" height=\"476\" src=\"https:\/\/factorydancedirect.com\/wp-content\/uploads\/2025\/08\/exports.webp\" class=\"elementor-animation-grow attachment-full size-full wp-image-10997\" alt=\"\" srcset=\"https:\/\/factorydancedirect.com\/wp-content\/uploads\/2025\/08\/exports.webp 846w, https:\/\/factorydancedirect.com\/wp-content\/uploads\/2025\/08\/exports-300x169.webp 300w, https:\/\/factorydancedirect.com\/wp-content\/uploads\/2025\/08\/exports-768x432.webp 768w, https:\/\/factorydancedirect.com\/wp-content\/uploads\/2025\/08\/exports-18x10.webp 18w, https:\/\/factorydancedirect.com\/wp-content\/uploads\/2025\/08\/exports-416x234.webp 416w\" sizes=\"(max-width: 846px) 100vw, 846px\" \/><\/a><\/figure><div class=\"elementor-image-box-content\"><h4 class=\"elementor-image-box-title\"><a href=\"https:\/\/library.elementor.com\/local-services-wireframe-1-flexbox\/services\/#service_4\">Logistics &amp; Export Support<\/a><\/h4><p class=\"elementor-image-box-description\">Hacemos que los env\u00edos internacionales sean sencillos. Tanto si prefiere <strong data-start=\"1456\" data-end=\"1485\">Entrega puerta a puerta DDP<\/strong> (incluidos aranceles, derechos e impuestos) o <strong data-start=\"1528\" data-end=\"1542\">Recogida FOB<\/strong> en el puerto, le ayudaremos a elegir la soluci\u00f3n m\u00e1s eficaz. Nuestro equipo se coordina con socios navieros para garantizar entregas fluidas y fiables en todo el mundo.<\/p><\/div><\/div>\t\t\t\t<\/div>\n\t\t\t\t<\/div>\n\t\t\t\t\t<\/div>\n\t\t\t\t<\/div>\n\t\t\t\t<\/div>","protected":false},"excerpt":{"rendered":"<p>About Us Welcome to FactoryDanceDirect, a trusted B2B dancewear manufacturer and exporter based in China. We specialize in producing and supplying a full range of dancewear, footwear, and accessories for brands and businesses worldwide. \u00a0 With years of experience and strong connections across the industry, we partner with multiple specialized factories \u2014 often 20 or [&hellip;]<\/p>","protected":false},"author":1,"featured_media":0,"parent":0,"menu_order":0,"comment_status":"closed","ping_status":"closed","template":"","meta":{"footnotes":""},"class_list":["post-10976","page","type-page","status-publish","hentry"],"_links":{"self":[{"href":"https:\/\/factorydancedirect.com\/es\/wp-json\/wp\/v2\/pages\/10976","targetHints":{"allow":["GET"]}}],"collection":[{"href":"https:\/\/factorydancedirect.com\/es\/wp-json\/wp\/v2\/pages"}],"about":[{"href":"https:\/\/factorydancedirect.com\/es\/wp-json\/wp\/v2\/types\/page"}],"author":[{"embeddable":true,"href":"https:\/\/factorydancedirect.com\/es\/wp-json\/wp\/v2\/users\/1"}],"replies":[{"embeddable":true,"href":"https:\/\/factorydancedirect.com\/es\/wp-json\/wp\/v2\/comments?post=10976"}],"version-history":[{"count":16,"href":"https:\/\/factorydancedirect.com\/es\/wp-json\/wp\/v2\/pages\/10976\/revisions"}],"predecessor-version":[{"id":50063,"href":"https:\/\/factorydancedirect.com\/es\/wp-json\/wp\/v2\/pages\/10976\/revisions\/50063"}],"wp:attachment":[{"href":"https:\/\/factorydancedirect.com\/es\/wp-json\/wp\/v2\/media?parent=10976"}],"curies":[{"name":"wp","href":"https:\/\/api.w.org\/{rel}","templated":true}]}}