{"id":1103,"date":"2025-08-16T16:22:28","date_gmt":"2025-08-16T16:22:28","guid":{"rendered":"https:\/\/factorydancedirect.com\/product\/premium-leather-slip-on-jazz-shoes\/"},"modified":"2026-01-11T21:55:52","modified_gmt":"2026-01-11T21:55:52","slug":"premium-leather-slip-on-jazz-shoes","status":"publish","type":"product","link":"https:\/\/factorydancedirect.com\/es\/tienda\/calzado\/zapatos-de-jazz\/premium-leather-slip-on-jazz-shoes\/","title":{"rendered":"Zapatillas de Jazz Slip on de piel de primera calidad"},"content":{"rendered":"<p>Getting it 5X each size is recommended for production, for example, black color, size 6:\u00a0 grab 5, 10, 15, 20, etc. pairs.<\/p>\n<p>- \ud83e\udde9 Pedidos de muestras \u2192 Las tallas no est\u00e1n garantizadas. Puede solicitar una talla y lo intentaremos, pero es posible que enviemos cualquier talla que est\u00e9 disponible en el stock actual. Las etiquetas pueden mostrar tallas EU o US.<br \/>\n- \ud83d\udce6 Pedidos a granel \u2192 Con suficiente cantidad, podemos hacer cualquier tama\u00f1o (beb\u00e9, ni\u00f1os, adolescentes, adultos), cualquier color (de su carta de colores o muestra), y cualquier material. Puesto que somos el fabricante, podemos personalizar completamente basado en sus necesidades.<br \/>\n- \ud83c\udf81 Embalaje y logotipos \u2192 Para pedidos al por mayor, podemos conseguir embalajes personalizados (cajas, bolsas, etc.) y a\u00f1adir logotipos o etiquetas. Estos pueden requerir costes adicionales debido a los materiales y mano de obra. No dude en preguntarnos sobre las opciones.<\/p>","protected":false},"excerpt":{"rendered":"<p><strong>DCS-0084<\/strong><\/p>\n<p>Premium Goat Leather Slip-On Jazz Shoes \u2013 Buttery Soft &amp; Performance Ready<\/p>\n<p><b>Colores:<\/b> Camel, Black<br \/>\n<strong>Material:<\/strong> Genuine Goat Leather<br \/>\n<strong>Caracter\u00edsticas:<\/strong><\/p>\n<ul>\n<li>Soft leather for natural flexibility and comfort<\/li>\n<li>Breathable design to keep feet fresh<\/li>\n<li>Reinforced stitching and durable sole<\/li>\n<li>Supportive fit with a secure grip<\/li>\n<li>Sleek, professional style for class and stage<\/li>\n<\/ul>","protected":false},"featured_media":10800,"template":"","meta":[],"product_brand":[],"product_cat":[43,46],"product_tag":[23,24],"class_list":{"0":"post-1103","1":"product","2":"type-product","3":"status-publish","4":"has-post-thumbnail","6":"product_cat-footwear","7":"product_cat-jazz-shoes","8":"product_tag-adult","9":"product_tag-children","10":"pa_colors-black","11":"pa_colors-camel","13":"first","14":"instock","15":"shipping-taxable","16":"purchasable","17":"product-type-variable"},"_links":{"self":[{"href":"https:\/\/factorydancedirect.com\/es\/wp-json\/wp\/v2\/product\/1103","targetHints":{"allow":["GET"]}}],"collection":[{"href":"https:\/\/factorydancedirect.com\/es\/wp-json\/wp\/v2\/product"}],"about":[{"href":"https:\/\/factorydancedirect.com\/es\/wp-json\/wp\/v2\/types\/product"}],"wp:featuredmedia":[{"embeddable":true,"href":"https:\/\/factorydancedirect.com\/es\/wp-json\/wp\/v2\/media\/10800"}],"wp:attachment":[{"href":"https:\/\/factorydancedirect.com\/es\/wp-json\/wp\/v2\/media?parent=1103"}],"wp:term":[{"taxonomy":"product_brand","embeddable":true,"href":"https:\/\/factorydancedirect.com\/es\/wp-json\/wp\/v2\/product_brand?post=1103"},{"taxonomy":"product_cat","embeddable":true,"href":"https:\/\/factorydancedirect.com\/es\/wp-json\/wp\/v2\/product_cat?post=1103"},{"taxonomy":"product_tag","embeddable":true,"href":"https:\/\/factorydancedirect.com\/es\/wp-json\/wp\/v2\/product_tag?post=1103"}],"curies":[{"name":"wp","href":"https:\/\/api.w.org\/{rel}","templated":true}]}}