{"id":49978,"date":"2026-01-16T18:18:51","date_gmt":"2026-01-16T18:18:51","guid":{"rendered":"https:\/\/factorydancedirect.com\/?post_type=product&#038;p=49978"},"modified":"2026-01-16T18:44:21","modified_gmt":"2026-01-16T18:44:21","slug":"mallas-convertibles-agujero-mejorado","status":"publish","type":"product","link":"https:\/\/factorydancedirect.com\/es\/tienda\/ropa-de-baile\/medias\/mallas-convertibles-agujero-mejorado\/","title":{"rendered":"Mallas Convertibles( Agujero Mejorado)"},"content":{"rendered":"<p data-start=\"206\" data-end=\"447\">Este estilo presenta nuestro dise\u00f1o de orificio convertible mejorado y est\u00e1 disponible para una personalizaci\u00f3n completa. Para la producci\u00f3n personalizada, la cantidad m\u00ednima de pedido es <strong data-start=\"357\" data-end=\"382\">3.000 pares por lote<\/strong>. Cada lote puede incluir <strong data-start=\"407\" data-end=\"428\">hasta tres tama\u00f1os<\/strong> del mismo color.<\/p>\n<p data-start=\"449\" data-end=\"707\">Puede elegir <strong data-start=\"464\" data-end=\"486\">cualquier color que desee<\/strong>y tambi\u00e9n podemos igualar un tono exacto si nos proporciona una muestra f\u00edsica. La personalizaci\u00f3n de la marca es totalmente compatible, incluyendo <strong data-start=\"605\" data-end=\"672\">envases, etiquetas de lavado, pegatinas y otros materiales de envasado<\/strong> con su logotipo e identidad de marca.<\/p>\n<p data-start=\"709\" data-end=\"869\">Todos los embalajes pueden ser producidos por nuestras f\u00e1bricas y los productos ser\u00e1n embalados, etiquetados y enviados bajo <strong data-start=\"814\" data-end=\"844\">el nombre de su marca o empresa<\/strong>listo para su distribuci\u00f3n.<\/p>\n<p><img decoding=\"async\" class=\"alignnone size-medium wp-image-50021\" src=\"https:\/\/factorydancedirect.com\/wp-content\/uploads\/2026\/01\/ee85503473a542d6a3efa67d7c947a59-141x300.jpg\" alt=\"\" width=\"141\" height=\"300\" srcset=\"https:\/\/factorydancedirect.com\/wp-content\/uploads\/2026\/01\/ee85503473a542d6a3efa67d7c947a59-141x300.jpg 141w, https:\/\/factorydancedirect.com\/wp-content\/uploads\/2026\/01\/ee85503473a542d6a3efa67d7c947a59-481x1024.jpg 481w, https:\/\/factorydancedirect.com\/wp-content\/uploads\/2026\/01\/ee85503473a542d6a3efa67d7c947a59-768x1636.jpg 768w, https:\/\/factorydancedirect.com\/wp-content\/uploads\/2026\/01\/ee85503473a542d6a3efa67d7c947a59-721x1536.jpg 721w, https:\/\/factorydancedirect.com\/wp-content\/uploads\/2026\/01\/ee85503473a542d6a3efa67d7c947a59-962x2048.jpg 962w, https:\/\/factorydancedirect.com\/wp-content\/uploads\/2026\/01\/ee85503473a542d6a3efa67d7c947a59-6x12.jpg 6w, https:\/\/factorydancedirect.com\/wp-content\/uploads\/2026\/01\/ee85503473a542d6a3efa67d7c947a59-416x886.jpg 416w, https:\/\/factorydancedirect.com\/wp-content\/uploads\/2026\/01\/ee85503473a542d6a3efa67d7c947a59-scaled.jpg 1202w\" sizes=\"(max-width: 141px) 100vw, 141px\" \/><img fetchpriority=\"high\" decoding=\"async\" class=\"alignnone size-medium wp-image-50022\" src=\"https:\/\/factorydancedirect.com\/wp-content\/uploads\/2026\/01\/d22f43805a81da96623cf2ddf4eb811c-225x300.jpg\" alt=\"\" width=\"225\" height=\"300\" srcset=\"https:\/\/factorydancedirect.com\/wp-content\/uploads\/2026\/01\/d22f43805a81da96623cf2ddf4eb811c-225x300.jpg 225w, https:\/\/factorydancedirect.com\/wp-content\/uploads\/2026\/01\/d22f43805a81da96623cf2ddf4eb811c-768x1024.jpg 768w, https:\/\/factorydancedirect.com\/wp-content\/uploads\/2026\/01\/d22f43805a81da96623cf2ddf4eb811c-1152x1536.jpg 1152w, https:\/\/factorydancedirect.com\/wp-content\/uploads\/2026\/01\/d22f43805a81da96623cf2ddf4eb811c-9x12.jpg 9w, https:\/\/factorydancedirect.com\/wp-content\/uploads\/2026\/01\/d22f43805a81da96623cf2ddf4eb811c-416x555.jpg 416w, https:\/\/factorydancedirect.com\/wp-content\/uploads\/2026\/01\/d22f43805a81da96623cf2ddf4eb811c.jpg 1280w\" sizes=\"(max-width: 225px) 100vw, 225px\" \/><\/p>","protected":false},"excerpt":{"rendered":"<p data-start=\"110\" data-end=\"186\"><strong data-start=\"110\" data-end=\"186\">Mallas de ballet convertibles sin costuras - Suaves, el\u00e1sticas y respetuosas con el tono de la piel<\/strong><\/p>\n<p data-start=\"188\" data-end=\"401\"><strong data-start=\"188\" data-end=\"202\">\ud83c\udfa8 Colores:<\/strong> Rosa Ballet, Rosa Claro (color personalizado), Tostado Claro, Bronceado Claro, Caf\u00e9<br data-start=\"258\" data-end=\"261\" \/><strong data-start=\"261\" data-end=\"278\">\ud83e\uddd2 Rango de edad:<\/strong> 2-4 a adulto XL<\/p>\n<p data-start=\"403\" data-end=\"420\"><strong data-start=\"403\" data-end=\"418\">\u2728 Caracter\u00edsticas:<\/strong><\/p>\n<ul data-start=\"421\" data-end=\"840\">\n<li data-start=\"421\" data-end=\"566\">\n<p data-start=\"423\" data-end=\"566\"><strong data-start=\"423\" data-end=\"455\">Dise\u00f1o convertible sin costuras:<\/strong> La construcci\u00f3n de orificios lisos permite una transici\u00f3n f\u00e1cil entre los estilos con y sin pies. No irrita los dedos ni los tobillos.<\/p>\n<\/li>\n<li data-start=\"567\" data-end=\"657\">\n<p data-start=\"569\" data-end=\"657\"><strong data-start=\"569\" data-end=\"588\">Tejido de primera calidad:<\/strong> Ultrasuave, transpirable y transpirable, ideal para entrenamientos largos.<\/p>\n<\/li>\n<li data-start=\"658\" data-end=\"747\">\n<p data-start=\"660\" data-end=\"747\"><strong data-start=\"660\" data-end=\"682\">Cintura confort:<\/strong> La cintura ancha y sin ataduras se mantiene en su sitio sin clavarse.<\/p>\n<\/li>\n<li data-start=\"748\" data-end=\"840\">\n<p data-start=\"750\" data-end=\"840\"><strong data-start=\"750\" data-end=\"771\">Flexibilidad total:<\/strong> El dise\u00f1o de gran elasticidad favorece los saltos, los splits y los movimientos de rango completo.<\/p>\n<\/li>\n<\/ul>","protected":false},"featured_media":50017,"template":"","meta":[],"product_brand":[],"product_cat":[51,43,54],"product_tag":[23,24],"class_list":{"0":"post-49978","1":"product","2":"type-product","3":"status-publish","4":"has-post-thumbnail","6":"product_cat-dancewear","7":"product_cat-footwear","8":"product_cat-tights","9":"product_tag-adult","10":"product_tag-children","11":"pa_colors-ballet-pink","12":"pa_colors-coffee","13":"pa_colors-light-pink","14":"pa_colors-light-suntan","15":"pa_colors-light-toast","17":"first","18":"instock","19":"shipping-taxable","20":"purchasable","21":"product-type-variable"},"_links":{"self":[{"href":"https:\/\/factorydancedirect.com\/es\/wp-json\/wp\/v2\/product\/49978","targetHints":{"allow":["GET"]}}],"collection":[{"href":"https:\/\/factorydancedirect.com\/es\/wp-json\/wp\/v2\/product"}],"about":[{"href":"https:\/\/factorydancedirect.com\/es\/wp-json\/wp\/v2\/types\/product"}],"wp:featuredmedia":[{"embeddable":true,"href":"https:\/\/factorydancedirect.com\/es\/wp-json\/wp\/v2\/media\/50017"}],"wp:attachment":[{"href":"https:\/\/factorydancedirect.com\/es\/wp-json\/wp\/v2\/media?parent=49978"}],"wp:term":[{"taxonomy":"product_brand","embeddable":true,"href":"https:\/\/factorydancedirect.com\/es\/wp-json\/wp\/v2\/product_brand?post=49978"},{"taxonomy":"product_cat","embeddable":true,"href":"https:\/\/factorydancedirect.com\/es\/wp-json\/wp\/v2\/product_cat?post=49978"},{"taxonomy":"product_tag","embeddable":true,"href":"https:\/\/factorydancedirect.com\/es\/wp-json\/wp\/v2\/product_tag?post=49978"}],"curies":[{"name":"wp","href":"https:\/\/api.w.org\/{rel}","templated":true}]}}