{"id":962,"date":"2025-08-15T16:15:30","date_gmt":"2025-08-15T16:15:30","guid":{"rendered":"https:\/\/factorydancedirect.com\/?post_type=product&#038;p=962"},"modified":"2025-08-21T13:57:30","modified_gmt":"2025-08-21T13:57:30","slug":"%e8%bf%9e%e4%bd%93%e8%a2%9c","status":"publish","type":"product","link":"https:\/\/factorydancedirect.com\/es\/tienda\/ropa-de-baile\/medias\/%e8%bf%9e%e4%bd%93%e8%a2%9c\/","title":{"rendered":"Mallas largas convertibles"},"content":{"rendered":"<p>\ud83e\udde6 <strong>Personalizaci\u00f3n de mallas<\/strong><\/p>\n<p>Personalizable solo para 2.000+ pares \u2192 <strong>1 color<\/strong>, <strong>cualquier tama\u00f1o<\/strong> \u2705( podemos hacer <strong>cualquier color<\/strong>Por ejemplo, tenemos m\u00e1s de 20 tipos de rosa, si desea un color espec\u00edfico, puede enviarnos una muestra.)<\/p>\n<p>Envases personalizados con logotipos disponibles para pedidos al por mayor \ud83c\udf81<\/p>\n<p>Si desea una personalizaci\u00f3n para menos de 2.000 pares, se aplicar\u00e1n costes adicionales.<\/p>\n<p>- \ud83e\udde9 Pedidos de muestras \u2192 Las tallas no est\u00e1n garantizadas. Puede solicitar una talla y lo intentaremos, pero es posible que enviemos cualquier talla que est\u00e9 disponible en el stock actual. Las etiquetas pueden mostrar tallas EU o US.<br \/>\n- \ud83d\udce6 Pedidos a granel \u2192 Con suficiente cantidad, podemos hacer cualquier tama\u00f1o (beb\u00e9, ni\u00f1os, adolescentes, adultos), cualquier color (de su carta de colores o muestra), y cualquier material. Puesto que somos el fabricante, podemos personalizar completamente basado en sus necesidades.<br \/>\n- \ud83c\udf81 Embalaje y logotipos \u2192 Para pedidos al por mayor, podemos conseguir embalajes personalizados (cajas, bolsas, etc.) y a\u00f1adir logotipos o etiquetas. Estos pueden requerir costes adicionales debido a los materiales y mano de obra. No dude en preguntarnos sobre las opciones.<\/p>","protected":false},"excerpt":{"rendered":"<p>\ud83c\udfa8 Colores disponibles:Blanco,Negro,Nude,Rosa(cada color tiene muchas variaciones, literalmente podemos hacer <strong>cualquier tipo de color<\/strong>)<\/p>","protected":false},"featured_media":963,"template":"","meta":[],"product_brand":[],"product_cat":[51,54],"product_tag":[23],"class_list":{"0":"post-962","1":"product","2":"type-product","3":"status-publish","4":"has-post-thumbnail","6":"product_cat-dancewear","7":"product_cat-tights","8":"product_tag-adult","9":"pa_colors-black","10":"pa_colors-nude","11":"pa_colors-pink","12":"pa_colors-white","14":"first","15":"instock","16":"shipping-taxable","17":"purchasable","18":"product-type-variable"},"_links":{"self":[{"href":"https:\/\/factorydancedirect.com\/es\/wp-json\/wp\/v2\/product\/962","targetHints":{"allow":["GET"]}}],"collection":[{"href":"https:\/\/factorydancedirect.com\/es\/wp-json\/wp\/v2\/product"}],"about":[{"href":"https:\/\/factorydancedirect.com\/es\/wp-json\/wp\/v2\/types\/product"}],"wp:featuredmedia":[{"embeddable":true,"href":"https:\/\/factorydancedirect.com\/es\/wp-json\/wp\/v2\/media\/963"}],"wp:attachment":[{"href":"https:\/\/factorydancedirect.com\/es\/wp-json\/wp\/v2\/media?parent=962"}],"wp:term":[{"taxonomy":"product_brand","embeddable":true,"href":"https:\/\/factorydancedirect.com\/es\/wp-json\/wp\/v2\/product_brand?post=962"},{"taxonomy":"product_cat","embeddable":true,"href":"https:\/\/factorydancedirect.com\/es\/wp-json\/wp\/v2\/product_cat?post=962"},{"taxonomy":"product_tag","embeddable":true,"href":"https:\/\/factorydancedirect.com\/es\/wp-json\/wp\/v2\/product_tag?post=962"}],"curies":[{"name":"wp","href":"https:\/\/api.w.org\/{rel}","templated":true}]}}