{"id":10904,"date":"2025-08-25T07:51:45","date_gmt":"2025-08-25T07:51:45","guid":{"rendered":"https:\/\/factorydancedirect.com\/?page_id=10904"},"modified":"2026-01-16T18:54:21","modified_gmt":"2026-01-16T18:54:21","slug":"elementor-page-10904","status":"publish","type":"page","link":"https:\/\/factorydancedirect.com\/fr","title":{"rendered":"Accueil"},"content":{"rendered":"<div data-elementor-type=\"wp-page\" data-elementor-id=\"10904\" class=\"elementor elementor-10904\" data-elementor-post-type=\"page\">\n\t\t\t\t<div class=\"elementor-element elementor-element-undefined-45addfd e-con-full e-flex e-con e-parent\" data-id=\"undefined-45addfd\" data-element_type=\"container\" data-e-type=\"container\" data-settings=\"{&quot;background_background&quot;:&quot;classic&quot;}\">\n\t\t\t\t<div class=\"elementor-element elementor-element-undefined-545e220 elementor-widget elementor-widget-heading\" data-id=\"undefined-545e220\" data-element_type=\"widget\" data-e-type=\"widget\" data-widget_type=\"heading.default\">\n\t\t\t\t\t<h1 class=\"elementor-heading-title elementor-size-default\">Une solution B2B unique pour tous vos besoins en mati\u00e8re de v\u00eatements de danse<\/h1>\t\t\t\t<\/div>\n\t\t\t\t<div class=\"elementor-element elementor-element-undefined-7fb3c27 elementor-widget elementor-widget-heading\" data-id=\"undefined-7fb3c27\" data-element_type=\"widget\" data-e-type=\"widget\" data-widget_type=\"heading.default\">\n\t\t\t\t\t<h5 class=\"elementor-heading-title elementor-size-default\">V\u00eatements de danse, chaussures et accessoires - Con\u00e7us pour votre marque<\/h5>\t\t\t\t<\/div>\n\t\t\t\t<div class=\"elementor-element elementor-element-undefined-c363ffd elementor-widget__width-auto elementor-align-right elementor-widget elementor-widget-button\" data-id=\"undefined-c363ffd\" data-element_type=\"widget\" data-e-type=\"widget\" data-widget_type=\"button.default\">\n\t\t\t\t\t\t\t\t\t\t<a class=\"elementor-button elementor-button-link elementor-size-sm\" href=\"#\">\n\t\t\t\t\t\t<span class=\"elementor-button-content-wrapper\">\n\t\t\t\t\t\t\t\t\t<span class=\"elementor-button-text\">Explorer<\/span>\n\t\t\t\t\t<\/span>\n\t\t\t\t\t<\/a>\n\t\t\t\t\t\t\t\t<\/div>\n\t\t\t\t<\/div>\n\t\t<div class=\"elementor-element elementor-element-44d64c54 e-con-full e-flex e-con e-parent\" data-id=\"44d64c54\" data-element_type=\"container\" data-e-type=\"container\" data-settings=\"{&quot;background_background&quot;:&quot;classic&quot;}\">\n\t\t\t\t<div class=\"elementor-element elementor-element-1a61221e elementor-widget elementor-widget-heading\" data-id=\"1a61221e\" data-element_type=\"widget\" data-e-type=\"widget\" data-widget_type=\"heading.default\">\n\t\t\t\t\t<h2 class=\"elementor-heading-title elementor-size-default\">Coups de c\u0153ur<\/h2>\t\t\t\t<\/div>\n\t\t<div class=\"elementor-element elementor-element-28cf07fc e-con-full e-flex e-con e-child\" data-id=\"28cf07fc\" data-element_type=\"container\" data-e-type=\"container\">\n\t\t<div class=\"elementor-element elementor-element-6875fb4 e-con-full e-flex e-con e-child\" data-id=\"6875fb4\" data-element_type=\"container\" data-e-type=\"container\">\n\t\t\t\t<div class=\"elementor-element elementor-element-f171829 elementor-cta--layout-image-above elementor-widget__width-inherit elementor-cta--skin-classic elementor-animated-content elementor-bg-transform elementor-bg-transform-zoom-in elementor-widget elementor-widget-call-to-action\" data-id=\"f171829\" data-element_type=\"widget\" data-e-type=\"widget\" data-widget_type=\"call-to-action.default\">\n\t\t\t\t\t\t\t<div class=\"elementor-cta\">\n\t\t\t\t\t<div class=\"elementor-cta__bg-wrapper\">\n\t\t\t\t<div class=\"elementor-cta__bg elementor-bg\" style=\"background-image: url(https:\/\/factorydancedirect.com\/wp-content\/uploads\/2025\/08\/ChatGPT-Image-2025\u5e748\u670825\u65e5-01_31_30-683x1024.png);\" role=\"img\" aria-label=\"ChatGPT Image 2025\u5e748\u670825\u65e5 01 31 30\"><\/div>\n\t\t\t\t<div class=\"elementor-cta__bg-overlay\"><\/div>\n\t\t\t<\/div>\n\t\t\t\t\t\t\t<div class=\"elementor-cta__content\">\n\t\t\t\t\n\t\t\t\t\t\t\t\t\t<h2 class=\"elementor-cta__title elementor-cta__content-item elementor-content-item\">\n\t\t\t\t\t\tChaussures de jazz\t\t\t\t\t<\/h2>\n\t\t\t\t\n\t\t\t\t\t\t\t\t\t<div class=\"elementor-cta__description elementor-cta__content-item elementor-content-item\">\n\t\t\t\t\t\tFabriqu\u00e9 en cuir de ch\u00e8vre de qualit\u00e9 sup\u00e9rieure, il offre un \u00e9quilibre parfait entre le style, le confort et la valeur.\t\t\t\t\t<\/div>\n\t\t\t\t\n\t\t\t\t\t\t\t<\/div>\n\t\t\t\t\t\t<\/div>\n\t\t\t\t\t\t<\/div>\n\t\t\t\t<div class=\"elementor-element elementor-element-3bde51d2 elementor-widget elementor-widget-button\" data-id=\"3bde51d2\" data-element_type=\"widget\" data-e-type=\"widget\" data-widget_type=\"button.default\">\n\t\t\t\t\t\t\t\t\t\t<a class=\"elementor-button elementor-button-link elementor-size-sm\" href=\"https:\/\/factorydancedirect.com\/fr\/magasin\/categorie-chaussures-de-jazz\/\">\n\t\t\t\t\t\t<span class=\"elementor-button-content-wrapper\">\n\t\t\t\t\t\t\t\t\t<span class=\"elementor-button-text\">En savoir plus<\/span>\n\t\t\t\t\t<\/span>\n\t\t\t\t\t<\/a>\n\t\t\t\t\t\t\t\t<\/div>\n\t\t\t\t<\/div>\n\t\t<div class=\"elementor-element elementor-element-2cf60c99 e-con-full e-flex e-con e-child\" data-id=\"2cf60c99\" data-element_type=\"container\" data-e-type=\"container\">\n\t\t\t\t<div class=\"elementor-element elementor-element-1843bd69 elementor-cta--layout-image-above elementor-widget__width-inherit elementor-cta--skin-classic elementor-animated-content elementor-bg-transform elementor-bg-transform-zoom-in elementor-widget elementor-widget-call-to-action\" data-id=\"1843bd69\" data-element_type=\"widget\" data-e-type=\"widget\" data-widget_type=\"call-to-action.default\">\n\t\t\t\t\t\t\t<div class=\"elementor-cta\">\n\t\t\t\t\t<div class=\"elementor-cta__bg-wrapper\">\n\t\t\t\t<div class=\"elementor-cta__bg elementor-bg\" style=\"background-image: url(https:\/\/factorydancedirect.com\/wp-content\/uploads\/2025\/08\/\u5fae\u4fe1\u56fe\u7247_2025-08-25_010650_272-768x1024.jpg);\" role=\"img\" aria-label=\"{&quot;data&quot;:{&quot;os&quot; : &quot;ios&quot;, &quot;imageEffectId&quot; :&quot;, &quot;enter_from&quot; : &quot;enter_launch&quot;, &quot;capability_key&quot; :[&quot;graffiti&quot;], &quot;effect_id&quot; : &quot;graffiti&quot;, &quot;playId&quot; :&quot;&quot;,&quot;effect_type&quot;:&quot;tool&quot;,&quot;infoStickerId&quot;:&quot;&quot;,&quot;stickerId&quot;:&quot;&quot;,&quot;product&quot;:&quot;retouch&quot;,&quot;pictureId&quot;:&quot;64D5AA4E-EC08-4A38-BFBF-85917D8C6A30&quot;,&quot;appversion&quot;:&quot;12.9.0&quot;, &quot;filterId&quot; :&quot;&quot;, &quot;activityName&quot; :&quot;&quot;, &quot;capability_extra_v2&quot;:{&quot;graffiti&quot; :[{&quot;panel&quot; : &quot;color_graffiti_pen&quot;}]}}, &quot;source_type&quot; : &quot;douyin_beauty_me&quot;}.\"><\/div>\n\t\t\t\t<div class=\"elementor-cta__bg-overlay\"><\/div>\n\t\t\t<\/div>\n\t\t\t\t\t\t\t<div class=\"elementor-cta__content\">\n\t\t\t\t\n\t\t\t\t\t\t\t\t\t<h2 class=\"elementor-cta__title elementor-cta__content-item elementor-content-item\">\n\t\t\t\t\t\tCollants\t\t\t\t\t<\/h2>\n\t\t\t\t\n\t\t\t\t\t\t\t\t\t<div class=\"elementor-cta__description elementor-cta__content-item elementor-content-item\">\n\t\t\t\t\t\tFabriqu\u00e9 \u00e0 l'aide d'une machine import\u00e9e d'Allemagne pour un ajustement plus lisse, plus doux et plus confortable autour des pieds.\t\t\t\t\t<\/div>\n\t\t\t\t\n\t\t\t\t\t\t\t<\/div>\n\t\t\t\t\t\t<\/div>\n\t\t\t\t\t\t<\/div>\n\t\t\t\t<div class=\"elementor-element elementor-element-13f3cb71 elementor-widget elementor-widget-button\" data-id=\"13f3cb71\" data-element_type=\"widget\" data-e-type=\"widget\" data-widget_type=\"button.default\">\n\t\t\t\t\t\t\t\t\t\t<a class=\"elementor-button elementor-button-link elementor-size-sm\" href=\"https:\/\/factorydancedirect.com\/fr\/magasin\/categorie-collants\/\">\n\t\t\t\t\t\t<span class=\"elementor-button-content-wrapper\">\n\t\t\t\t\t\t\t\t\t<span class=\"elementor-button-text\">En savoir plus<\/span>\n\t\t\t\t\t<\/span>\n\t\t\t\t\t<\/a>\n\t\t\t\t\t\t\t\t<\/div>\n\t\t\t\t<\/div>\n\t\t<div class=\"elementor-element elementor-element-3e5fd3d1 e-con-full e-flex e-con e-child\" data-id=\"3e5fd3d1\" data-element_type=\"container\" data-e-type=\"container\">\n\t\t\t\t<div class=\"elementor-element elementor-element-3b265eb elementor-cta--layout-image-above elementor-widget__width-inherit elementor-cta--skin-classic elementor-animated-content elementor-bg-transform elementor-bg-transform-zoom-in elementor-widget elementor-widget-call-to-action\" data-id=\"3b265eb\" data-element_type=\"widget\" data-e-type=\"widget\" data-widget_type=\"call-to-action.default\">\n\t\t\t\t\t\t\t<div class=\"elementor-cta\">\n\t\t\t\t\t<div class=\"elementor-cta__bg-wrapper\">\n\t\t\t\t<div class=\"elementor-cta__bg elementor-bg\" style=\"background-image: url(https:\/\/factorydancedirect.com\/wp-content\/uploads\/2025\/08\/\u5fae\u4fe1\u56fe\u7247_2025-08-25_012133_837-683x1024.png);\" role=\"img\" aria-label=\"\u5fae\u4fe1\u56fe\u7247 2025 08 25 012133 837\"><\/div>\n\t\t\t\t<div class=\"elementor-cta__bg-overlay\"><\/div>\n\t\t\t<\/div>\n\t\t\t\t\t\t\t<div class=\"elementor-cta__content\">\n\t\t\t\t\n\t\t\t\t\t\t\t\t\t<h2 class=\"elementor-cta__title elementor-cta__content-item elementor-content-item\">\n\t\t\t\t\t\tJustaucorps\t\t\t\t\t<\/h2>\n\t\t\t\t\n\t\t\t\t\t\t\t\t\t<div class=\"elementor-cta__description elementor-cta__content-item elementor-content-item\">\n\t\t\t\t\t\tAvec des centaines de mod\u00e8les et d'UGS, nous offrons tout ce dont vous avez besoin en un seul endroit.\nTout est personnalisable.\n\n\t\t\t\t\t<\/div>\n\t\t\t\t\n\t\t\t\t\t\t\t<\/div>\n\t\t\t\t\t\t<\/div>\n\t\t\t\t\t\t<\/div>\n\t\t\t\t<div class=\"elementor-element elementor-element-14b621ed elementor-widget elementor-widget-button\" data-id=\"14b621ed\" data-element_type=\"widget\" data-e-type=\"widget\" data-widget_type=\"button.default\">\n\t\t\t\t\t\t\t\t\t\t<a class=\"elementor-button elementor-button-link elementor-size-sm\" href=\"https:\/\/factorydancedirect.com\/fr\/magasin\/categorie-justaucorps\/\">\n\t\t\t\t\t\t<span class=\"elementor-button-content-wrapper\">\n\t\t\t\t\t\t\t\t\t<span class=\"elementor-button-text\">En savoir plus<\/span>\n\t\t\t\t\t<\/span>\n\t\t\t\t\t<\/a>\n\t\t\t\t\t\t\t\t<\/div>\n\t\t\t\t<\/div>\n\t\t\t\t<\/div>\n\t\t\t\t<\/div>\n\t\t<div class=\"elementor-element elementor-element-5e9074e e-con-full e-flex e-con e-parent\" data-id=\"5e9074e\" data-element_type=\"container\" data-e-type=\"container\">\n\t\t\t\t<\/div>\n\t\t\t\t<\/div>","protected":false},"excerpt":{"rendered":"<p>Une solution B2B unique pour tous vos besoins en mati\u00e8re de v\u00eatements de danse V\u00eatements de danse, chaussures et accessoires - con\u00e7us pour votre marque Explorez nos coups de c\u0153ur Chaussures de jazz Fabriqu\u00e9es en cuir de ch\u00e8vre de qualit\u00e9 sup\u00e9rieure, elles offrent un \u00e9quilibre parfait entre style, confort et valeur. En savoir plus Collants Fabriqu\u00e9s \u00e0 l'aide d'une machine import\u00e9e d'Allemagne pour un ajustement plus lisse, plus doux et plus confortable autour des pieds. [...]<\/p>","protected":false},"author":1,"featured_media":0,"parent":0,"menu_order":0,"comment_status":"closed","ping_status":"closed","template":"template-homepage.php","meta":{"footnotes":""},"class_list":["post-10904","page","type-page","status-publish","hentry"],"_links":{"self":[{"href":"https:\/\/factorydancedirect.com\/fr\/wp-json\/wp\/v2\/pages\/10904","targetHints":{"allow":["GET"]}}],"collection":[{"href":"https:\/\/factorydancedirect.com\/fr\/wp-json\/wp\/v2\/pages"}],"about":[{"href":"https:\/\/factorydancedirect.com\/fr\/wp-json\/wp\/v2\/types\/page"}],"author":[{"embeddable":true,"href":"https:\/\/factorydancedirect.com\/fr\/wp-json\/wp\/v2\/users\/1"}],"replies":[{"embeddable":true,"href":"https:\/\/factorydancedirect.com\/fr\/wp-json\/wp\/v2\/comments?post=10904"}],"version-history":[{"count":13,"href":"https:\/\/factorydancedirect.com\/fr\/wp-json\/wp\/v2\/pages\/10904\/revisions"}],"predecessor-version":[{"id":50029,"href":"https:\/\/factorydancedirect.com\/fr\/wp-json\/wp\/v2\/pages\/10904\/revisions\/50029"}],"wp:attachment":[{"href":"https:\/\/factorydancedirect.com\/fr\/wp-json\/wp\/v2\/media?parent=10904"}],"curies":[{"name":"wp","href":"https:\/\/api.w.org\/{rel}","templated":true}]}}