{"id":11006,"date":"2025-08-25T13:50:17","date_gmt":"2025-08-25T13:50:17","guid":{"rendered":"https:\/\/factorydancedirect.com\/?page_id=11006"},"modified":"2026-03-06T19:51:55","modified_gmt":"2026-03-06T19:51:55","slug":"comment-commander","status":"publish","type":"page","link":"https:\/\/factorydancedirect.com\/fr\/comment-commander\/","title":{"rendered":"Comment commander"},"content":{"rendered":"<div data-elementor-type=\"wp-page\" data-elementor-id=\"11006\" class=\"elementor elementor-11006\" data-elementor-post-type=\"page\">\n\t\t\t\t<div class=\"elementor-element elementor-element-b7e62d9 e-flex e-con-boxed e-con e-parent\" data-id=\"b7e62d9\" data-element_type=\"container\">\n\t\t\t\t\t<div class=\"e-con-inner\">\n\t\t\t\t<div class=\"elementor-element elementor-element-866c7e2 elementor-widget elementor-widget-text-editor\" data-id=\"866c7e2\" data-element_type=\"widget\" data-widget_type=\"text-editor.default\">\n\t\t\t\t\t\t\t\t\t<h1 data-start=\"693\" data-end=\"719\">Comment<strong data-start=\"695\" data-end=\"717\"> Commande de travaux<\/strong><\/h1><p data-start=\"720\" data-end=\"775\"><em data-start=\"720\" data-end=\"773\">Votre guide complet, \u00e9tape par \u00e9tape, pour travailler avec nous<\/em><\/p><p data-start=\"777\" data-end=\"1027\">Au <strong data-start=\"780\" data-end=\"803\">Fourniture de mouvement<\/strong>nous simplifions l'approvisionnement et la personnalisation <strong data-start=\"847\" data-end=\"887\">v\u00eatements, chaussures et accessoires de danse<\/strong> pour <strong data-start=\"892\" data-end=\"906\">votre marque<\/strong>. Que vous demandiez <strong data-start=\"934\" data-end=\"945\">\u00e9chantillons<\/strong> ou en pla\u00e7ant un <strong data-start=\"959\" data-end=\"973\">commande group\u00e9e<\/strong>Voici comment se d\u00e9roule le processus du d\u00e9but \u00e0 la fin :<\/p><hr data-start=\"1029\" data-end=\"1032\" \/><h2 data-start=\"1034\" data-end=\"1076\"><strong data-start=\"1037\" data-end=\"1074\">\u00c9tape 1 - Recherche et demande de devis<\/strong><\/h2><ul data-start=\"1077\" data-end=\"1417\"><li data-start=\"1077\" data-end=\"1150\"><p data-start=\"1079\" data-end=\"1150\">Commencer par <strong data-start=\"1088\" data-end=\"1112\">consulter notre catalogue<\/strong> de centaines d'UGS sur le site web.<\/p><\/li><li data-start=\"1151\" data-end=\"1225\"><p data-start=\"1153\" data-end=\"1225\">S\u00e9lectionnez les produits qui vous int\u00e9ressent et <strong data-start=\"1198\" data-end=\"1223\">cliquez sur \"Ajouter au devis\".<\/strong><\/p><\/li><li data-start=\"1226\" data-end=\"1321\"><p data-start=\"1228\" data-end=\"1321\">Dans votre panier, soumettez un <strong data-start=\"1251\" data-end=\"1275\">demande de devis personnalis\u00e9<\/strong> avec votre nom, votre adresse \u00e9lectronique et les d\u00e9tails du produit.<\/p><\/li><li data-start=\"1322\" data-end=\"1417\"><p data-start=\"1324\" data-end=\"1417\">Nous examinerons votre demande et vous enverrons <strong data-start=\"1363\" data-end=\"1379\">tarification des articles<\/strong> en fonction des produits que vous avez s\u00e9lectionn\u00e9s.<\/p><\/li><\/ul><hr data-start=\"1419\" data-end=\"1422\" \/><h2 data-start=\"1424\" data-end=\"1482\"><strong data-start=\"1427\" data-end=\"1480\">\u00c9tape 2 - Commander des \u00e9chantillons (facultatif mais recommand\u00e9)<\/strong><\/h2><ul data-start=\"1483\" data-end=\"1962\"><li data-start=\"1483\" data-end=\"1556\"><p data-start=\"1485\" data-end=\"1556\">Si vous souhaitez d'abord tester la qualit\u00e9 du produit (v\u00e9rifier les couleurs), vous pouvez passer commande. <strong data-start=\"1542\" data-end=\"1553\">\u00e9chantillons<\/strong>.<\/p><\/li><li data-start=\"1557\" data-end=\"1644\"><p data-start=\"1559\" data-end=\"1644\">Confirmez simplement les articles que vous souhaitez, et nous vous enverrons des \u00e9chantillons \u00e0 partir de <strong data-start=\"1624\" data-end=\"1641\">stock actuel<\/strong>.<\/p><\/li><li data-start=\"1645\" data-end=\"1745\"><p data-start=\"1647\" data-end=\"1745\"><strong data-start=\"1647\" data-end=\"1693\">Les tailles et les couleurs des \u00e9chantillons ne sont pas garanties, sauf demande expresse.<\/strong>mais nous ferons de notre mieux pour r\u00e9pondre \u00e0 vos pr\u00e9f\u00e9rences.<\/p><\/li><li data-start=\"1746\" data-end=\"1883\"><p data-start=\"1748\" data-end=\"1883\">La plupart des paquets d'\u00e9chantillons tiennent dans une petite bo\u00eete d'exp\u00e9dition par avion (d'environ <strong data-start=\"1809\" data-end=\"1829\">1-2 kg \/ 2-4 lbs<\/strong>), et vous n'aurez besoin de couvrir que les <strong data-start=\"1862\" data-end=\"1880\">frais d'exp\u00e9dition<\/strong>.<\/p><\/li><li data-start=\"1884\" data-end=\"1962\"><p data-start=\"1886\" data-end=\"1962\">Typique <strong data-start=\"1894\" data-end=\"1910\">transport a\u00e9rien<\/strong> prend environ <strong data-start=\"1923\" data-end=\"1936\">3-10 jours<\/strong> pour arriver \u00e0 votre porte.\u00a0<\/p><\/li><\/ul><hr data-start=\"1964\" data-end=\"1967\" \/><h2 data-start=\"1969\" data-end=\"2015\"><strong data-start=\"1972\" data-end=\"2013\">\u00c9tape 3 - Cr\u00e9er un compte professionnel<\/strong><\/h2><ul data-start=\"2016\" data-end=\"2314\"><li data-start=\"2016\" data-end=\"2139\"><p data-start=\"2018\" data-end=\"2139\">Une fois que vous avez test\u00e9 les \u00e9chantillons et que vous \u00eates pr\u00eat \u00e0 aller de l'avant, nous allons <strong data-start=\"2086\" data-end=\"2136\">transformer votre compte en compte professionnel B2B<\/strong>.<\/p><\/li><li data-start=\"2140\" data-end=\"2314\"><p data-start=\"2142\" data-end=\"2177\">Avec un compte professionnel, vous pouvez :<\/p><ul data-start=\"2180\" data-end=\"2314\"><li data-start=\"2180\" data-end=\"2233\"><p data-start=\"2182\" data-end=\"2233\">Voir <strong data-start=\"2186\" data-end=\"2202\">tarification compl\u00e8te<\/strong> pour chaque UGS sur notre site web<\/p><\/li><li data-start=\"2236\" data-end=\"2270\"><p data-start=\"2238\" data-end=\"2270\">Lieu <strong data-start=\"2244\" data-end=\"2259\">commandes group\u00e9es<\/strong> directement<\/p><\/li><li data-start=\"2273\" data-end=\"2314\"><p data-start=\"2275\" data-end=\"2314\">Acc\u00e9der \u00e0 plus <strong data-start=\"2287\" data-end=\"2312\">options de personnalisation<\/strong><\/p><\/li><\/ul><\/li><\/ul><hr data-start=\"2316\" data-end=\"2319\" \/><h2 data-start=\"2321\" data-end=\"2360\"><strong data-start=\"2324\" data-end=\"2358\">\u00c9tape 4 - Passer une commande group\u00e9e<\/strong><\/h2><ul data-start=\"2361\" data-end=\"2586\"><li data-start=\"2361\" data-end=\"2438\"><p data-start=\"2363\" data-end=\"2438\">S\u00e9lectionnez votre choix <strong data-start=\"2385\" data-end=\"2418\">les tailles, les couleurs et les quantit\u00e9s<\/strong> pour chaque produit.<\/p><\/li><li data-start=\"2439\" data-end=\"2518\"><p data-start=\"2441\" data-end=\"2518\">Soumettez votre demande de commande directement sur le site web ou en nous contactant.<\/p><\/li><li data-start=\"2519\" data-end=\"2586\"><p data-start=\"2521\" data-end=\"2586\">Nous vous confirmerons tous les d\u00e9tails et vous enverrons un courrier \u00e9lectronique. <strong data-start=\"2563\" data-end=\"2583\">facture officielle<\/strong>.<\/p><\/li><\/ul><hr data-start=\"2588\" data-end=\"2591\" \/><h2 data-start=\"2593\" data-end=\"2635\"><strong data-start=\"2596\" data-end=\"2633\">\u00c9tape 5 - Personnalisation (facultatif)<\/strong><\/h2><p data-start=\"2636\" data-end=\"2730\">Puisque nous travaillons avec <strong data-start=\"2655\" data-end=\"2689\">plusieurs usines sp\u00e9cialis\u00e9es<\/strong>nous pouvons prendre en charge <strong data-start=\"2705\" data-end=\"2727\">personnalisation compl\u00e8te<\/strong>:<\/p><ul data-start=\"2731\" data-end=\"3015\"><li data-start=\"2731\" data-end=\"2827\"><p data-start=\"2733\" data-end=\"2827\"><strong data-start=\"2733\" data-end=\"2751\">Logos et \u00e9tiquettes, et \u00e9tiquettes de lavage<\/strong>\u00a0\u2192 Ajoutez votre marque et votre taille aux chaussures, justaucorps, collants et autres.<\/p><\/li><li data-start=\"2828\" data-end=\"2905\"><p data-start=\"2830\" data-end=\"2905\"><strong data-start=\"2830\" data-end=\"2852\">Ajustements de la conception<\/strong> \u2192 Modifier les mat\u00e9riaux, les couleurs ou les motifs en fonction des besoins.<\/p><\/li><li data-start=\"2906\" data-end=\"3015\"><p data-start=\"2908\" data-end=\"3015\"><strong data-start=\"2908\" data-end=\"2928\">Emballage sur mesure<\/strong> \u2192 Nous nous approvisionnons <strong data-start=\"2941\" data-end=\"2993\">les sacs en plastique, les bo\u00eetes \u00e0 chaussures, les \u00e9tiquettes volantes et les inserts<\/strong> avec votre marque.<\/p><\/li><\/ul><p data-start=\"3017\" data-end=\"3076\"><strong data-start=\"3017\" data-end=\"3029\">Exemple :<\/strong><br data-start=\"3029\" data-end=\"3032\" \/>Si vous commandez <strong data-start=\"3051\" data-end=\"3065\">chaussures de jazz<\/strong>, nous le pouvons :<\/p><ul data-start=\"3077\" data-end=\"3275\"><li data-start=\"3077\" data-end=\"3139\"><p data-start=\"3079\" data-end=\"3139\">Imprimez votre <strong data-start=\"3090\" data-end=\"3098\">logo<\/strong> sur la semelle int\u00e9rieure et sur le c\u00f4t\u00e9 de la chaussure<\/p><\/li><li data-start=\"3140\" data-end=\"3204\"><p data-start=\"3142\" data-end=\"3204\">Cr\u00e9er un <strong data-start=\"3151\" data-end=\"3166\">moule sur mesure<\/strong> pour un marquage en relief sur le fond<\/p><\/li><li data-start=\"3205\" data-end=\"3275\"><p data-start=\"3207\" data-end=\"3275\">Source <strong data-start=\"3214\" data-end=\"3244\">bo\u00eetes et sacs \u00e0 chaussures personnalis\u00e9s<\/strong> de nos usines d'emballage<\/p><\/li><\/ul><p data-start=\"3277\" data-end=\"3439\">Pour les petites quantit\u00e9s, nous exp\u00e9dions \u00e0 partir de notre <strong data-start=\"3319\" data-end=\"3337\">stock existant<\/strong> sans logo ni \u00e9tiquette int\u00e9rieure, mais pour les <strong data-start=\"3375\" data-end=\"3392\">commandes plus importantes<\/strong>vous obtenez <strong data-start=\"3402\" data-end=\"3436\">flexibilit\u00e9 totale de la personnalisation<\/strong>.<\/p><hr data-start=\"3441\" data-end=\"3444\" \/><h2 data-start=\"3446\" data-end=\"3484\"><strong data-start=\"3449\" data-end=\"3482\">\u00c9tape 6 - Paiement et production<\/strong><\/h2><ul data-start=\"3485\" data-end=\"3998\"><li data-start=\"3485\" data-end=\"3608\"><p data-start=\"3487\" data-end=\"3608\">Pour les commandes officielles, nous demandons un <strong data-start=\"3521\" data-end=\"3532\">d\u00e9p\u00f4t<\/strong> - g\u00e9n\u00e9ralement <strong data-start=\"3543\" data-end=\"3554\">30%-70%<\/strong>selon les produits et le niveau de personnalisation.<\/p><\/li><li data-start=\"3609\" data-end=\"3662\"><p data-start=\"3611\" data-end=\"3662\">Apr\u00e8s r\u00e9ception de l'acompte, la production commence.<\/p><\/li><li data-start=\"3663\" data-end=\"3794\"><p data-start=\"3665\" data-end=\"3794\">Nous vous tiendrons au courant tout au long du processus avec <strong data-start=\"3716\" data-end=\"3737\">photos et vid\u00e9os<\/strong> - de <strong data-start=\"3745\" data-end=\"3762\">impression de logos<\/strong> \u00e0 <strong data-start=\"3766\" data-end=\"3791\">pr\u00e9paration de l'emballage<\/strong>.<\/p><\/li><li data-start=\"3795\" data-end=\"3998\"><p data-start=\"3797\" data-end=\"3880\">Le temps de production d\u00e9pend de la taille de la commande et de la personnalisation, mais dans notre exemple :<\/p><ul data-start=\"3883\" data-end=\"3998\"><li data-start=\"3883\" data-end=\"3910\"><p data-start=\"3885\" data-end=\"3910\"><strong data-start=\"3885\" data-end=\"3900\">Production :<\/strong> ~5 jours<\/p><\/li><li data-start=\"3913\" data-end=\"3953\"><p data-start=\"3915\" data-end=\"3953\"><strong data-start=\"3915\" data-end=\"3943\">Pr\u00e9paration et conditionnement :<\/strong> ~5 jours\u00a0<\/p><\/li><li data-start=\"3956\" data-end=\"3998\"><p data-start=\"3958\" data-end=\"3998\"><strong data-start=\"3958\" data-end=\"3987\">Temps de fabrication total :<\/strong> ~10 jours<\/p><\/li><\/ul><\/li><\/ul><hr data-start=\"4000\" data-end=\"4003\" \/><h2 data-start=\"4005\" data-end=\"4047\"><strong data-start=\"4008\" data-end=\"4045\">\u00c9tape 7 - Paiement final et exp\u00e9dition<\/strong><\/h2><ul data-start=\"4048\" data-end=\"4287\"><li data-start=\"4048\" data-end=\"4151\"><p data-start=\"4050\" data-end=\"4151\">Une fois la production achev\u00e9e, nous prendrons la d\u00e9cision finale. <strong data-start=\"4096\" data-end=\"4117\">photos et vid\u00e9os<\/strong> de votre commande pour confirmation.<\/p><\/li><li data-start=\"4048\" data-end=\"4151\"><p data-start=\"4050\" data-end=\"4151\">Nous v\u00e9rifions tout et r\u00e9emballons avant de vous exp\u00e9dier le produit.<\/p><\/li><li data-start=\"4152\" data-end=\"4230\"><p data-start=\"4154\" data-end=\"4230\">Nous fournirons les <strong data-start=\"4172\" data-end=\"4189\">frais de port<\/strong> et demander la <strong data-start=\"4206\" data-end=\"4227\">solde restant<\/strong>.<\/p><\/li><li data-start=\"4231\" data-end=\"4287\"><p data-start=\"4233\" data-end=\"4287\">Apr\u00e8s encaissement de votre paiement, nous envoyons votre envoi \u00e0 l'entrep\u00f4t du transporteur.<\/p><\/li><li data-start=\"4231\" data-end=\"4287\"><p data-start=\"4233\" data-end=\"4287\">Le transporteur chargera les bo\u00eetes dans un conteneur et les chargera sur le bateau.<\/p><\/li><\/ul><p data-start=\"4289\" data-end=\"4312\"><strong data-start=\"4289\" data-end=\"4310\">Options d'exp\u00e9dition :<\/strong><\/p><ul data-start=\"4313\" data-end=\"4516\"><li data-start=\"4313\" data-end=\"4418\"><p data-start=\"4315\" data-end=\"4418\"><strong data-start=\"4315\" data-end=\"4345\">DDP (Delivered Duty Paid) :<\/strong> Nous traitons <strong data-start=\"4356\" data-end=\"4370\">tout<\/strong> - les droits de douane et la livraison \u00e0 domicile.<\/p><\/li><li data-start=\"4419\" data-end=\"4516\"><p data-start=\"4421\" data-end=\"4516\"><strong data-start=\"4421\" data-end=\"4445\">FOB (Free On Board) :<\/strong> Nous livrons vos marchandises au port et vous g\u00e9rez vous-m\u00eame l'exp\u00e9dition.<\/p><\/li><\/ul><p data-start=\"4518\" data-end=\"4575\">Pour <strong data-start=\"4522\" data-end=\"4538\">transport maritime<\/strong>, le <strong data-start=\"4544\" data-end=\"4557\">temps pass\u00e9 en bateau<\/strong> aux \u00c9tats-Unis :<\/p><ul data-start=\"4576\" data-end=\"4749\"><li data-start=\"4576\" data-end=\"4606\"><p data-start=\"4578\" data-end=\"4606\"><strong data-start=\"4578\" data-end=\"4593\">C\u00f4te Ouest :<\/strong> ~5-15 jours<\/p><\/li><li data-start=\"4607\" data-end=\"4749\"><p data-start=\"4609\" data-end=\"4749\"><strong data-start=\"4609\" data-end=\"4624\">C\u00f4te Est :<\/strong> ~10-20 jours<br data-start=\"4636\" data-end=\"4639\" \/><strong data-start=\"4639\" data-end=\"4662\">D\u00e9lai de livraison total<\/strong> (y compris les frais de douane, de paiement et d'emballage) est g\u00e9n\u00e9ralement d'environ 2<strong data-start=\"4733\" data-end=\"4746\">-5 semaines<\/strong>.<\/p><\/li><\/ul><hr data-start=\"4751\" data-end=\"4754\" \/><h2 data-start=\"4756\" data-end=\"4792\"><strong data-start=\"4759\" data-end=\"4790\">\u00c9tape 8 - R\u00e9ception de la commande<\/strong><\/h2><p data-start=\"4793\" data-end=\"4998\">Une fois que tout a \u00e9t\u00e9 d\u00e9douan\u00e9, votre envoi est livr\u00e9 directement \u00e0 votre porte (si vous utilisez le service DDP). Vos produits arrivent <strong data-start=\"4911\" data-end=\"4928\">pr\u00eat \u00e0 vendre<\/strong>, avec votre <strong data-start=\"4940\" data-end=\"4974\">les logos, l'emballage et l'image de marque<\/strong> exactement comme demand\u00e9.<\/p><hr data-start=\"5000\" data-end=\"5003\" \/><h2 data-start=\"5005\" data-end=\"5037\"><strong data-start=\"5008\" data-end=\"5035\">De l'\u00e9chantillon au succ\u00e8s<\/strong><\/h2><h2>Du moment o\u00f9 vous demandez un devis jusqu'\u00e0 la livraison de vos produits de marque, nous nous occupons de tout. <span data-start=\"5129\" data-end=\"5147\">voyage complet<\/span> - y compris <span data-start=\"5160\" data-end=\"5224\">l'approvisionnement, la personnalisation, l'emballage, la production et l'exp\u00e9dition<\/span>.<br \/>Notre objectif est simple : <span data-start=\"5249\" data-end=\"5347\"><b>pour rendre l'approvisionnement et la fabrication de v\u00eatements de danse plus faciles, plus rapides et plus fiables pour votre entreprise.<\/b><\/span><\/h2>\t\t\t\t\t\t\t\t<\/div>\n\t\t\t\t\t<\/div>\n\t\t\t\t<\/div>\n\t\t\t\t<\/div>","protected":false},"excerpt":{"rendered":"<p>How Ordering Works Your complete step-by-step guide to working with us At Motion Supply, we make it simple to source and customize dancewear, footwear, and accessories for your brand. Whether you\u2019re requesting samples or placing a bulk order, here\u2019s how the process works from start to finish: Step 1 \u2014 Browse &amp; Request a Quote [&hellip;]<\/p>","protected":false},"author":1,"featured_media":0,"parent":0,"menu_order":0,"comment_status":"closed","ping_status":"closed","template":"","meta":{"footnotes":""},"class_list":["post-11006","page","type-page","status-publish","hentry"],"_links":{"self":[{"href":"https:\/\/factorydancedirect.com\/fr\/wp-json\/wp\/v2\/pages\/11006","targetHints":{"allow":["GET"]}}],"collection":[{"href":"https:\/\/factorydancedirect.com\/fr\/wp-json\/wp\/v2\/pages"}],"about":[{"href":"https:\/\/factorydancedirect.com\/fr\/wp-json\/wp\/v2\/types\/page"}],"author":[{"embeddable":true,"href":"https:\/\/factorydancedirect.com\/fr\/wp-json\/wp\/v2\/users\/1"}],"replies":[{"embeddable":true,"href":"https:\/\/factorydancedirect.com\/fr\/wp-json\/wp\/v2\/comments?post=11006"}],"version-history":[{"count":10,"href":"https:\/\/factorydancedirect.com\/fr\/wp-json\/wp\/v2\/pages\/11006\/revisions"}],"predecessor-version":[{"id":50053,"href":"https:\/\/factorydancedirect.com\/fr\/wp-json\/wp\/v2\/pages\/11006\/revisions\/50053"}],"wp:attachment":[{"href":"https:\/\/factorydancedirect.com\/fr\/wp-json\/wp\/v2\/media?parent=11006"}],"curies":[{"name":"wp","href":"https:\/\/api.w.org\/{rel}","templated":true}]}}