{"id":49427,"date":"2026-01-11T22:53:59","date_gmt":"2026-01-11T22:53:59","guid":{"rendered":"https:\/\/factorydancedirect.com\/?post_type=product&#038;p=49427"},"modified":"2026-01-11T22:57:01","modified_gmt":"2026-01-11T22:57:01","slug":"pull-a-col-roule","status":"publish","type":"product","link":"https:\/\/factorydancedirect.com\/fr\/magasin\/vetements-de-danse\/pulls\/pull-a-col-roule\/","title":{"rendered":"Pull \u00e0 col roul\u00e9"},"content":{"rendered":"","protected":false},"excerpt":{"rendered":"<p>Couleurs personnalis\u00e9es : Rose, bleu, violet<\/p>","protected":false},"featured_media":49387,"template":"","meta":[],"product_brand":[],"product_cat":[51,467],"product_tag":[23,24],"class_list":{"0":"post-49427","1":"product","2":"type-product","3":"status-publish","4":"has-post-thumbnail","6":"product_cat-dancewear","7":"product_cat-sweaters","8":"product_tag-adult","9":"product_tag-children","11":"first","12":"outofstock","13":"shipping-taxable","14":"product-type-variable"},"_links":{"self":[{"href":"https:\/\/factorydancedirect.com\/fr\/wp-json\/wp\/v2\/product\/49427","targetHints":{"allow":["GET"]}}],"collection":[{"href":"https:\/\/factorydancedirect.com\/fr\/wp-json\/wp\/v2\/product"}],"about":[{"href":"https:\/\/factorydancedirect.com\/fr\/wp-json\/wp\/v2\/types\/product"}],"wp:featuredmedia":[{"embeddable":true,"href":"https:\/\/factorydancedirect.com\/fr\/wp-json\/wp\/v2\/media\/49387"}],"wp:attachment":[{"href":"https:\/\/factorydancedirect.com\/fr\/wp-json\/wp\/v2\/media?parent=49427"}],"wp:term":[{"taxonomy":"product_brand","embeddable":true,"href":"https:\/\/factorydancedirect.com\/fr\/wp-json\/wp\/v2\/product_brand?post=49427"},{"taxonomy":"product_cat","embeddable":true,"href":"https:\/\/factorydancedirect.com\/fr\/wp-json\/wp\/v2\/product_cat?post=49427"},{"taxonomy":"product_tag","embeddable":true,"href":"https:\/\/factorydancedirect.com\/fr\/wp-json\/wp\/v2\/product_tag?post=49427"}],"curies":[{"name":"wp","href":"https:\/\/api.w.org\/{rel}","templated":true}]}}