{"id":884,"date":"2025-08-15T10:28:16","date_gmt":"2025-08-15T10:28:16","guid":{"rendered":"https:\/\/factorydancedirect.com\/?post_type=product&#038;p=884"},"modified":"2025-08-26T16:35:12","modified_gmt":"2025-08-26T16:35:12","slug":"90d-high-waist-convertible-dance-tights","status":"publish","type":"product","link":"https:\/\/factorydancedirect.com\/fr\/magasin\/vetements-de-danse\/collants\/90d-high-waist-convertible-dance-tights\/","title":{"rendered":"Collant de danse convertible taille haute"},"content":{"rendered":"<p>\ud83e\udde6 <strong>Personnalisation des collants<\/strong><\/p>\n<p>Personnalisable uniquement pour plus de 2 000 paires \u2192 <strong>1 couleur<\/strong>, <strong>toutes les tailles<\/strong> \u2705( nous pouvons faire <strong>toute couleur<\/strong>Nous avons par exemple plus de 20 sortes de rose, si vous souhaitez une couleur sp\u00e9cifique, vous pouvez nous envoyer un \u00e9chantillon.)<\/p>\n<p>Emballage personnalis\u00e9 avec logo disponible pour les commandes en gros \ud83c\udf81<\/p>\n<p>Si vous souhaitez une personnalisation pour moins de 2 000 paires, des frais suppl\u00e9mentaires s'appliqueront.<\/p>\n<p>- \ud83e\udde9 Commandes d'\u00e9chantillons \u2192 Les tailles ne sont pas garanties. Vous pouvez demander une taille, et nous essaierons, mais nous pouvons envoyer les tailles disponibles dans le stock actuel. Les \u00e9tiquettes peuvent indiquer des tailles EU ou US.<br \/>\n- \ud83d\udce6 Commandes en gros \u2192 Avec une quantit\u00e9 suffisante, nous pouvons faire n'importe quelle taille (b\u00e9b\u00e9, enfant, adolescent, adulte), n'importe quelle couleur (\u00e0 partir de votre nuancier ou \u00e9chantillon), et n'importe quel mat\u00e9riau. Comme nous sommes le fabricant, nous pouvons enti\u00e8rement personnaliser en fonction de vos besoins.<br \/>\n- \ud83c\udf81 Emballage et logos \u2192 Pour les commandes en gros, nous pouvons fournir des emballages personnalis\u00e9s (bo\u00eetes, sacs, etc.) et ajouter des logos ou des \u00e9tiquettes. Ceux-ci peuvent n\u00e9cessiter des co\u00fbts suppl\u00e9mentaires en raison des mat\u00e9riaux et de la main-d'\u0153uvre. N'h\u00e9sitez pas \u00e0 nous interroger sur les options possibles.<\/p>","protected":false},"excerpt":{"rendered":"<p><strong>SOK-0003<\/strong><\/p>\n<p><strong>90D High-Waist\u00a0Convertible Dance Tights<\/strong><\/p>\n<h5 class=\"block-product__subtitle\">Collant de danse respirant \u00e0 taille haute en 90D avec coutures \u00e0 six fils \u00e0 quatre aiguilles, gousset triangulaire pour un ajustement s\u00fbr, m\u00e9lange de nylon extensible et ind\u00e9formable pour le ballet, la gymnastique ou la performance.<\/h5>\n<p>Mati\u00e8re : 93% Nylon, 7% Spandex<\/p>\n<p>Couleurs disponibles : blanc, noir, nude, rose (chaque couleur a de nombreuses variations, nous pouvons litt\u00e9ralement faire de l'argent, de l'argent, de l'argent, de l'argent, de l'argent, de l'argent, de l'argent et de l'argent). <strong>tout type de couleur<\/strong>)<\/p>","protected":false},"featured_media":888,"template":"","meta":[],"product_brand":[],"product_cat":[51,54],"product_tag":[],"class_list":{"0":"post-884","1":"product","2":"type-product","3":"status-publish","4":"has-post-thumbnail","6":"product_cat-dancewear","7":"product_cat-tights","8":"pa_colors-black","9":"pa_colors-nude","10":"pa_colors-pink","11":"pa_colors-white","13":"first","14":"instock","15":"shipping-taxable","16":"purchasable","17":"product-type-variable"},"_links":{"self":[{"href":"https:\/\/factorydancedirect.com\/fr\/wp-json\/wp\/v2\/product\/884","targetHints":{"allow":["GET"]}}],"collection":[{"href":"https:\/\/factorydancedirect.com\/fr\/wp-json\/wp\/v2\/product"}],"about":[{"href":"https:\/\/factorydancedirect.com\/fr\/wp-json\/wp\/v2\/types\/product"}],"wp:featuredmedia":[{"embeddable":true,"href":"https:\/\/factorydancedirect.com\/fr\/wp-json\/wp\/v2\/media\/888"}],"wp:attachment":[{"href":"https:\/\/factorydancedirect.com\/fr\/wp-json\/wp\/v2\/media?parent=884"}],"wp:term":[{"taxonomy":"product_brand","embeddable":true,"href":"https:\/\/factorydancedirect.com\/fr\/wp-json\/wp\/v2\/product_brand?post=884"},{"taxonomy":"product_cat","embeddable":true,"href":"https:\/\/factorydancedirect.com\/fr\/wp-json\/wp\/v2\/product_cat?post=884"},{"taxonomy":"product_tag","embeddable":true,"href":"https:\/\/factorydancedirect.com\/fr\/wp-json\/wp\/v2\/product_tag?post=884"}],"curies":[{"name":"wp","href":"https:\/\/api.w.org\/{rel}","templated":true}]}}