{"id":982,"date":"2025-08-15T16:31:01","date_gmt":"2025-08-15T16:31:01","guid":{"rendered":"https:\/\/factorydancedirect.com\/?post_type=product&#038;p=982"},"modified":"2025-08-21T14:15:10","modified_gmt":"2025-08-21T14:15:10","slug":"white-lace-ankle-socks","status":"publish","type":"product","link":"https:\/\/factorydancedirect.com\/fr\/magasin\/accessoires\/chaussettes-pour-chaussures\/white-lace-ankle-socks\/","title":{"rendered":"Chaussettes de cheville en dentelle blanche"},"content":{"rendered":"<p>- \ud83e\udde9 Commandes d'\u00e9chantillons \u2192 Les tailles ne sont pas garanties. Vous pouvez demander une taille, et nous essaierons, mais nous pouvons envoyer les tailles disponibles dans le stock actuel. Les \u00e9tiquettes peuvent indiquer des tailles EU ou US.<br \/>\n- \ud83d\udce6 Commandes en gros \u2192 Avec une quantit\u00e9 suffisante, nous pouvons faire n'importe quelle taille (b\u00e9b\u00e9, enfant, adolescent, adulte), n'importe quelle couleur (\u00e0 partir de votre nuancier ou \u00e9chantillon), et n'importe quel mat\u00e9riau. Comme nous sommes le fabricant, nous pouvons enti\u00e8rement personnaliser en fonction de vos besoins.<br \/>\n- \ud83c\udf81 Emballage et logos \u2192 Pour les commandes en gros, nous pouvons fournir des emballages personnalis\u00e9s (bo\u00eetes, sacs, etc.) et ajouter des logos ou des \u00e9tiquettes. Ceux-ci peuvent n\u00e9cessiter des co\u00fbts suppl\u00e9mentaires en raison des mat\u00e9riaux et de la main-d'\u0153uvre. N'h\u00e9sitez pas \u00e0 nous interroger sur les options possibles.<\/p>","protected":false},"excerpt":{"rendered":"<p><strong>SOK-0020<\/strong><\/p>\n<p><strong>Girls White Lace Ankle Socks \u2013 Kids<\/strong><\/p>\n<p>Material: Sole: 78.8% Cotton, 21.2% Nylon; Instep: 100% Nylon<br \/>\nSizes: Kids sizes available<\/p>\n<p>Soft and breathable short socks with delicate lace trim, designed for comfort and style. Perfect for pairing with dance shoes or formal outfits. Stretchable and gentle on children&#8217;s skin.<\/p>\n<p>\ud83c\udfa8 Available Colors:Pink,White,Nude,Brown, Green<\/p>","protected":false},"featured_media":991,"template":"","meta":[],"product_brand":[],"product_cat":[60,63],"product_tag":[24],"class_list":{"0":"post-982","1":"product","2":"type-product","3":"status-publish","4":"has-post-thumbnail","6":"product_cat-accessories","7":"product_cat-footwear-socks","8":"product_tag-children","9":"pa_colors-brown","10":"pa_colors-green","11":"pa_colors-pink","12":"pa_colors-white","14":"first","15":"instock","16":"shipping-taxable","17":"purchasable","18":"product-type-variable"},"_links":{"self":[{"href":"https:\/\/factorydancedirect.com\/fr\/wp-json\/wp\/v2\/product\/982","targetHints":{"allow":["GET"]}}],"collection":[{"href":"https:\/\/factorydancedirect.com\/fr\/wp-json\/wp\/v2\/product"}],"about":[{"href":"https:\/\/factorydancedirect.com\/fr\/wp-json\/wp\/v2\/types\/product"}],"wp:featuredmedia":[{"embeddable":true,"href":"https:\/\/factorydancedirect.com\/fr\/wp-json\/wp\/v2\/media\/991"}],"wp:attachment":[{"href":"https:\/\/factorydancedirect.com\/fr\/wp-json\/wp\/v2\/media?parent=982"}],"wp:term":[{"taxonomy":"product_brand","embeddable":true,"href":"https:\/\/factorydancedirect.com\/fr\/wp-json\/wp\/v2\/product_brand?post=982"},{"taxonomy":"product_cat","embeddable":true,"href":"https:\/\/factorydancedirect.com\/fr\/wp-json\/wp\/v2\/product_cat?post=982"},{"taxonomy":"product_tag","embeddable":true,"href":"https:\/\/factorydancedirect.com\/fr\/wp-json\/wp\/v2\/product_tag?post=982"}],"curies":[{"name":"wp","href":"https:\/\/api.w.org\/{rel}","templated":true}]}}